{"id":3,"date":"2007-05-25T11:18:37","date_gmt":"2007-05-25T09:18:37","guid":{"rendered":"http:\/\/nvda.venik.org\/?page_id=3"},"modified":"2007-05-25T11:21:39","modified_gmt":"2007-05-25T09:21:39","slug":"o-programu-nvda","status":"publish","type":"page","link":"http:\/\/nvda-project.cz\/?page_id=3","title":{"rendered":"O programu NVDA"},"content":{"rendered":"<p><texy>NVDAje open source screen reader ur\u010den\u00fd pro opera\u010dn\u00edsyst\u00e9m windows. <\/p>\n<p>Vytvo\u0159il jej Michael Curran a ostatn\u00ed. <\/p>\n<p>NonVisual Desktop Access (NVDA) je otev\u0159en\u00fd ode\u010d\u00edta\u010d obrazovky pro opera\u010dn\u00ed syst\u00e9m Windows, umo\u017e\u0148uj\u00edc\u00ed zrakov\u011b posti\u017een\u00fdm u\u017eivatel\u016fm pracovat s osobn\u00edm po\u010d\u00edta\u010dem  bez nutnosti vynalo\u017eit v\u011bt\u0161\u00ed n\u00e1klady ne\u017e je cena po\u010d\u00edta\u010de a opera\u010dn\u00edho syst\u00e9mu. <\/p>\n<p>Vyv\u00edjet se za\u010dal  dubnu 2006 a v prosinci jej autor za\u010dal pou\u017e\u00edvat i na sv\u00e9m PC. <\/p>\n<p>Pomoc\u00ed \u0159e\u010dov\u00e9 odezvy umo\u017e\u0148uje NVDA u\u017eivateli p\u0159istupovat a manipulovat se v\u0161emi \u010d\u00e1stmi opera\u010dn\u00edho syst\u00e9mu Windows, jako nap\u0159\u00edklad:<\/p>\n<p>Prohl\u00ed\u017een\u00ed internetu (s Internet Explorerem a Firefoxem)<\/p>\n<p>\u010c\u00edst a ps\u00e1t dokumenty s programy jako WordPad nebo Microsoft Word<\/p>\n<p>Pos\u00edlat a p\u0159ij\u00edmat E-maily  programem Outlook Express <\/p>\n<p>Pou\u017e\u00edvat programy pro p\u0159\u00edkazov\u00fd \u0159\u00e1dek v okn\u011b DOSu<\/p>\n<p>Vytv\u00e1\u0159et jednoduch\u00e9 tabulky v programu Microsoft Excel<\/p>\n<p>Spravovat po\u010d\u00edta\u010d prost\u0159ednictv\u00edm n\u00e1stroj\u016f Tento po\u010d\u00edta\u010d \/ Pr\u016fzkumn\u00edk Windows, Ovl\u00e1dac\u00ed panely  a dal\u0161\u00ed obecn\u00e9 \u00falohy Windows<\/p>\n<p>v\u00edce informac\u00ed se do\u010dtete na ofici\u00e1ln\u00edch str\u00e1nk\u00e1ch  projektu<br \/>\nhttp:\/\/nvda-project.org<\/p>\n","protected":false},"excerpt":{"rendered":"<p>NVDAje open source screen reader ur\u010den\u00fd pro opera\u010dn\u00edsyst\u00e9m windows. Vytvo\u0159il jej Michael Curran a ostatn\u00ed. NonVisual Desktop Access (NVDA) je otev\u0159en\u00fd ode\u010d\u00edta\u010d obrazovky pro opera\u010dn\u00ed syst\u00e9m Windows, umo\u017e\u0148uj\u00edc\u00ed zrakov\u011b posti\u017een\u00fdm u\u017eivatel\u016fm pracovat s osobn\u00edm po\u010d\u00edta\u010dem bez nutnosti vynalo\u017eit v\u011bt\u0161\u00ed n\u00e1klady &hellip; <a href=\"http:\/\/nvda-project.cz\/?page_id=3\">Cel\u00fd p\u0159\u00edsp\u011bvek <span class=\"meta-nav\">&rarr;<\/span><\/a><\/p>\n","protected":false},"author":1,"featured_media":0,"parent":0,"menu_order":0,"comment_status":"open","ping_status":"open","template":"","meta":{"footnotes":""},"class_list":["post-3","page","type-page","status-publish","hentry"],"_links":{"self":[{"href":"http:\/\/nvda-project.cz\/index.php?rest_route=\/wp\/v2\/pages\/3","targetHints":{"allow":["GET"]}}],"collection":[{"href":"http:\/\/nvda-project.cz\/index.php?rest_route=\/wp\/v2\/pages"}],"about":[{"href":"http:\/\/nvda-project.cz\/index.php?rest_route=\/wp\/v2\/types\/page"}],"author":[{"embeddable":true,"href":"http:\/\/nvda-project.cz\/index.php?rest_route=\/wp\/v2\/users\/1"}],"replies":[{"embeddable":true,"href":"http:\/\/nvda-project.cz\/index.php?rest_route=%2Fwp%2Fv2%2Fcomments&post=3"}],"version-history":[{"count":0,"href":"http:\/\/nvda-project.cz\/index.php?rest_route=\/wp\/v2\/pages\/3\/revisions"}],"wp:attachment":[{"href":"http:\/\/nvda-project.cz\/index.php?rest_route=%2Fwp%2Fv2%2Fmedia&parent=3"}],"curies":[{"name":"wp","href":"https:\/\/api.w.org\/{rel}","templated":true}]}}